{"id":1129,"date":"2024-11-11T12:28:07","date_gmt":"2024-11-11T12:28:07","guid":{"rendered":"https:\/\/square-groupe.com\/informations-juridiques\/"},"modified":"2026-01-08T14:31:29","modified_gmt":"2026-01-08T14:31:29","slug":"informations-juridiques","status":"publish","type":"page","link":"https:\/\/square-groupe.com\/fr\/informations-juridiques\/","title":{"rendered":"Informations juridiques"},"content":{"rendered":"\t\t<div data-elementor-type=\"wp-page\" data-elementor-id=\"1129\" class=\"elementor elementor-1129 elementor-827\" data-elementor-post-type=\"page\">\n\t\t\t\t<div class=\"elementor-element elementor-element-96d08ac e-flex e-con-boxed e-con e-parent\" data-id=\"96d08ac\" data-element_type=\"container\" data-e-type=\"container\" data-settings=\"{&quot;background_background&quot;:&quot;classic&quot;}\">\n\t\t\t\t\t<div class=\"e-con-inner\">\n\t\t\t\t<div class=\"elementor-element elementor-element-50b33c2 elementor-absolute elementor-widget__width-initial elementor-widget elementor-widget-image\" data-id=\"50b33c2\" data-element_type=\"widget\" data-e-type=\"widget\" data-settings=\"{&quot;_position&quot;:&quot;absolute&quot;}\" data-widget_type=\"image.default\">\n\t\t\t\t<div class=\"elementor-widget-container\">\n\t\t\t\t\t\t\t\t\t\t\t\t\t\t\t<img decoding=\"async\" width=\"30\" height=\"2\" src=\"https:\/\/square-groupe.com\/wp-content\/uploads\/2024\/11\/mark-square-groupe.svg\" class=\"attachment-full size-full wp-image-1057\" alt=\"\" \/>\t\t\t\t\t\t\t\t\t\t\t\t\t\t\t<\/div>\n\t\t\t\t<\/div>\n\t\t<div class=\"elementor-element elementor-element-b0f79ae e-con-full e-flex e-con e-child\" data-id=\"b0f79ae\" data-element_type=\"container\" data-e-type=\"container\">\n\t\t\t\t<div class=\"elementor-element elementor-element-f6c6cc2 elementor-widget elementor-widget-heading\" data-id=\"f6c6cc2\" data-element_type=\"widget\" data-e-type=\"widget\" data-widget_type=\"heading.default\">\n\t\t\t\t<div class=\"elementor-widget-container\">\n\t\t\t\t\t<div class=\"elementor-heading-title elementor-size-default\">Investissement multi-actifs <br>soci\u00e9t\u00e9 bas\u00e9e \u00e0 Gen\u00e8ve<\/div>\t\t\t\t<\/div>\n\t\t\t\t<\/div>\n\t\t\t\t<\/div>\n\t\t\t\t\t<\/div>\n\t\t\t\t<\/div>\n\t\t<div class=\"elementor-element elementor-element-6dde03b e-flex e-con-boxed e-con e-parent\" data-id=\"6dde03b\" data-element_type=\"container\" data-e-type=\"container\">\n\t\t\t\t\t<div class=\"e-con-inner\">\n\t\t\t\t<div class=\"elementor-element elementor-element-4377693 elementor-widget elementor-widget-text-editor\" data-id=\"4377693\" data-element_type=\"widget\" data-e-type=\"widget\" data-widget_type=\"text-editor.default\">\n\t\t\t\t<div class=\"elementor-widget-container\">\n\t\t\t\t\t\t\t\t\t<p><strong>Informations sur l&rsquo;\u00e9diteur :<\/strong><br>Nom de la soci\u00e9t\u00e9 : Square SA<br>Forme juridique : SA (Soci\u00e9t\u00e9 Anonyme)<br>Adresse : Cours des bastions 4, 1205 Gen\u00e8ve, Suisse<br>Directeur de la publication : M. J\u00e9r\u00f4me Girod<\/p><p><strong>H\u00e9bergement du site :<\/strong><br>Fournisseur d&rsquo;h\u00e9bergement : Elementor<\/p><p><strong>Conception : <\/strong>Olivier Burgarella : https:\/\/ manifesto-webdesign.com<br><br><strong style=\"font-family: -apple-system, BlinkMacSystemFont, 'Segoe UI', Roboto, 'Helvetica Neue', Arial, 'Noto Sans', sans-serif, 'Apple Color Emoji', 'Segoe UI Emoji', 'Segoe UI Symbol', 'Noto Color Emoji';\">Propri\u00e9t\u00e9 intellectuelle :<\/strong><\/p><p>Ce site web est r\u00e9gi par les lois suisses et internationales sur les droits d&rsquo;auteur et la propri\u00e9t\u00e9 intellectuelle. Tous les droits de reproduction de tout ou partie de ce site, y compris les documents t\u00e9l\u00e9chargeables, les repr\u00e9sentations graphiques et les photographies, sont r\u00e9serv\u00e9s. La reproduction, en tout ou en partie, de ce site sur quelque support que ce soit est strictement interdite sans notre autorisation expresse. Malgr\u00e9 les efforts d\u00e9ploy\u00e9s pour cr\u00e9er ce site et le mettre \u00e0 jour r\u00e9guli\u00e8rement, des erreurs peuvent s&rsquo;\u00eatre gliss\u00e9es dans les informations et\/ou les documents pr\u00e9sent\u00e9s. Si vous constatez des erreurs, n&rsquo;h\u00e9sitez pas \u00e0 nous en faire part afin que nous puissions apporter les corrections n\u00e9cessaires.<\/p><p><strong>Collecte et traitement des donn\u00e9es personnelles :<\/strong><br>Conform\u00e9ment \u00e0 la loi f\u00e9d\u00e9rale sur la protection des donn\u00e9es (LPD), vous disposez d&rsquo;un droit d&rsquo;acc\u00e8s, de modification et de suppression des donn\u00e9es personnelles que nous pourrions \u00eatre amen\u00e9s \u00e0 recueillir aupr\u00e8s de vous. Veuillez nous contacter si vous souhaitez exercer ces droits.<\/p>\t\t\t\t\t\t\t\t<\/div>\n\t\t\t\t<\/div>\n\t\t\t\t\t<\/div>\n\t\t\t\t<\/div>\n\t\t\t\t<\/div>\n\t\t","protected":false},"excerpt":{"rendered":"<p>Investissement multi-actifs soci\u00e9t\u00e9 bas\u00e9e \u00e0 Gen\u00e8ve Informations sur l&rsquo;\u00e9diteur :Nom de la soci\u00e9t\u00e9 : Square SAForme juridique : SA (Soci\u00e9t\u00e9 Anonyme)Adresse : Cours des bastions 4, 1205 Gen\u00e8ve, SuisseDirecteur de la publication : M. J\u00e9r\u00f4me Girod H\u00e9bergement du site :Fournisseur d&rsquo;h\u00e9bergement : Elementor Conception : Olivier Burgarella : https:\/\/ manifesto-webdesign.com Propri\u00e9t\u00e9 intellectuelle : Ce site [&hellip;]<\/p>\n","protected":false},"author":1,"featured_media":0,"parent":0,"menu_order":0,"comment_status":"closed","ping_status":"closed","template":"","meta":{"_acf_changed":false,"footnotes":""},"class_list":["post-1129","page","type-page","status-publish","hentry"],"acf":[],"_links":{"self":[{"href":"https:\/\/square-groupe.com\/fr\/wp-json\/wp\/v2\/pages\/1129","targetHints":{"allow":["GET"]}}],"collection":[{"href":"https:\/\/square-groupe.com\/fr\/wp-json\/wp\/v2\/pages"}],"about":[{"href":"https:\/\/square-groupe.com\/fr\/wp-json\/wp\/v2\/types\/page"}],"author":[{"embeddable":true,"href":"https:\/\/square-groupe.com\/fr\/wp-json\/wp\/v2\/users\/1"}],"replies":[{"embeddable":true,"href":"https:\/\/square-groupe.com\/fr\/wp-json\/wp\/v2\/comments?post=1129"}],"version-history":[{"count":2,"href":"https:\/\/square-groupe.com\/fr\/wp-json\/wp\/v2\/pages\/1129\/revisions"}],"predecessor-version":[{"id":1453,"href":"https:\/\/square-groupe.com\/fr\/wp-json\/wp\/v2\/pages\/1129\/revisions\/1453"}],"wp:attachment":[{"href":"https:\/\/square-groupe.com\/fr\/wp-json\/wp\/v2\/media?parent=1129"}],"curies":[{"name":"wp","href":"https:\/\/api.w.org\/{rel}","templated":true}]}}